{"id":887,"date":"2020-11-19T10:37:07","date_gmt":"2020-11-19T08:37:07","guid":{"rendered":"http:\/\/www.magicrainbow.cz\/contact\/"},"modified":"2025-08-29T12:18:18","modified_gmt":"2025-08-29T10:18:18","slug":"contact","status":"publish","type":"page","link":"https:\/\/www.magicrainbow.cz\/en\/contact\/","title":{"rendered":"Contact"},"content":{"rendered":"<div class=\"wpb-content-wrapper\">[vc_row full_width=&#8221;stretch_row_content&#8221;][vc_column width=&#8221;1\/3&#8243;][\/vc_column][vc_column width=&#8221;1\/3&#8243; el_id=&#8221;kontakt&#8221;]<style> style=\"height:40px;\"<\/style><div class=\"vcex-spacing wpex-w-100 wpex-clear\" style=\"height:40px;\"><\/div>[vc_custom_heading text=&#8221;Location of preschool&#8221; font_container=&#8221;tag:h2|font_size:21px|text_align:center&#8221; google_fonts=&#8221;font_family:Roboto%20Slab%3A100%2C300%2Cregular%2C700|font_style:400%20regular%3A400%3Anormal&#8221;]<div class=\"vcex-module vcex-divider vcex-divider-solid vcex-divider-center wpex-mx-auto wpex-max-w-100 wpex-block wpex-h-0 wpex-border-b wpex-border-solid wpex-border-main\" style=\"width:30px;margin-top:20px;margin-bottom:40px;border-bottom-width:2px;border-color:#252d3b;\"><\/div><style> style=\"height:20px;\"<\/style><div class=\"vcex-spacing wpex-w-100 wpex-clear\" style=\"height:20px;\"><\/div>[vc_column_text]\n<p style=\"text-align: center;\"><b>Karenova 14<\/b><br \/>\n<strong>150 00\u00a0 Prague 5 &#8211; Cibulka<\/strong><\/p>\n<h5 style=\"text-align: center;\">Contact person<\/h5>\n<p style=\"text-align: center;\">Mgr. Kamila Benesova \u2013 headmaster<br \/>\nPhone: <a href=\"tel:+420776775522\">776 775 522<\/a><br \/>\nE-mail: <a href=\"mailto:info@magicrainbow.cz\">info@magicrainbow.cz<\/a><\/p>\n<p style=\"text-align: center;\"><sup>Operated by \u0160kolka Magic Rainbow o.p.s. , Id#: 28992075.<\/sup><\/p>\n[\/vc_column_text]<style> style=\"height:40px;\"<\/style><div class=\"vcex-spacing wpex-w-100 wpex-clear\" style=\"height:40px;\"><\/div>[\/vc_column][vc_column width=&#8221;1\/3&#8243;][\/vc_column][\/vc_row][vc_row css_animation=&#8221;fadeIn&#8221; full_width=&#8221;stretch_row_content&#8221; css=&#8221;.vc_custom_1600537206723{background-color: #f1f1f4 !important;}&#8221;][vc_column]<style> style=\"height:20px;\"<\/style><div class=\"vcex-spacing wpex-w-100 wpex-clear\" style=\"height:20px;\"><\/div>[vc_custom_heading text=&#8221;Where can you find us&#8221; font_container=&#8221;tag:h2|font_size:21px|text_align:center&#8221; google_fonts=&#8221;font_family:Roboto%20Slab%3A100%2C300%2Cregular%2C700|font_style:400%20regular%3A400%3Anormal&#8221;]<div class=\"vcex-module vcex-divider vcex-divider-solid vcex-divider-center wpex-mx-auto wpex-max-w-100 wpex-block wpex-h-0 wpex-border-b wpex-border-solid wpex-border-main\" style=\"width:30px;margin-top:20px;margin-bottom:40px;border-bottom-width:2px;border-color:#252d3b;\"><\/div><style> style=\"height:20px;\"<\/style><div class=\"vcex-spacing wpex-w-100 wpex-clear\" style=\"height:20px;\"><\/div>[vc_gmaps link=&#8221;#E-8_JTNDaWZyYW1lJTIwc3JjJTNEJTIyaHR0cHMlM0ElMkYlMkZ3d3cuZ29vZ2xlLmNvbSUyRm1hcHMlMkZlbWJlZCUzRnBiJTNEJTIxMW0xOCUyMTFtMTIlMjExbTMlMjExZDI1NjEuMTc4NzEwMzM2NzcyJTIxMmQxNC4zNjMyMDI4NzY3NDQ3NTYlMjEzZDUwLjA2NDIxNDcxNTA5ODE2JTIxMm0zJTIxMWYwJTIxMmYwJTIxM2YwJTIxM20yJTIxMWkxMDI0JTIxMmk3NjglMjE0ZjEzLjElMjEzbTMlMjExbTIlMjExczB4NDcwYjk1YmM2MmY3M2NmNSUyNTNBMHg1Njg1ZmE1OTk3ZWU1MzRiJTIxMnpTMkZ5Wlc1dmRtRWdNVEV6T0M4eE5Dd2dNVFV3SURBd0lGQnlZV2hoSURVdFMyX0ZvY090eFpsbCUyMTVlMCUyMTNtMiUyMTFzY3MlMjEyc2N6JTIxNHYxNzIzMTQ5NTAzNTcyJTIxNW0yJTIxMXNjcyUyMTJzY3olMjIlMjB3aWR0aCUzRCUyMjYwMCUyMiUyMGhlaWdodCUzRCUyMjQ1MCUyMiUyMHN0eWxlJTNEJTIyYm9yZGVyJTNBMCUzQiUyMiUyMGFsbG93ZnVsbHNjcmVlbiUzRCUyMiUyMiUyMGxvYWRpbmclM0QlMjJsYXp5JTIyJTIwcmVmZXJyZXJwb2xpY3klM0QlMjJuby1yZWZlcnJlci13aGVuLWRvd25ncmFkZSUyMiUzRSUzQyUyRmlmcmFtZSUzRQ==&#8221;][\/vc_column][\/vc_row]\n<\/div>","protected":false},"excerpt":{"rendered":"<p>[vc_row full_width=&#8221;stretch_row_content&#8221;][vc_column width=&#8221;1\/3&#8243;][\/vc_column][vc_column width=&#8221;1\/3&#8243; el_id=&#8221;kontakt&#8221;][vc_custom_heading text=&#8221;Location of preschool&#8221; font_container=&#8221;tag:h2|font_size:21px|text_align:center&#8221; google_fonts=&#8221;font_family:Roboto%20Slab%3A100%2C300%2Cregular%2C700|font_style:400%20regular%3A400%3Anormal&#8221;][vc_column_text] Karenova 14 150 00\u00a0 Prague 5 &#8211; Cibulka Contact person Mgr. Kamila Benesova \u2013 headmaster Phone: 776 775 522 E-mail: info@magicrainbow.cz Operated by \u0160kolka Magic Rainbow o.p.s. , Id#: 28992075. [\/vc_column_text][\/vc_column][vc_column width=&#8221;1\/3&#8243;][\/vc_column][\/vc_row][vc_row css_animation=&#8221;fadeIn&#8221; full_width=&#8221;stretch_row_content&#8221; css=&#8221;.vc_custom_1600537206723{background-color: #f1f1f4 !important;}&#8221;][vc_column][vc_custom_heading text=&#8221;Where can you find us&#8221; font_container=&#8221;tag:h2|font_size:21px|text_align:center&#8221; google_fonts=&#8221;font_family:Roboto%20Slab%3A100%2C300%2Cregular%2C700|font_style:400%20regular%3A400%3Anormal&#8221;][vc_gmaps link=&#8221;#E-8_JTNDaWZyYW1lJTIwc3JjJTNEJTIyaHR0cHMlM0ElMkYlMkZ3d3cuZ29vZ2xlLmNvbSUyRm1hcHMlMkZlbWJlZCUzRnBiJTNEJTIxMW0xOCUyMTFtMTIlMjExbTMlMjExZDI1NjEuMTc4NzEwMzM2NzcyJTIxMmQxNC4zNjMyMDI4NzY3NDQ3NTYlMjEzZDUwLjA2NDIxNDcxNTA5ODE2JTIxMm0zJTIxMWYwJTIxMmYwJTIxM2YwJTIxM20yJTIxMWkxMDI0JTIxMmk3NjglMjE0ZjEzLjElMjEzbTMlMjExbTIlMjExczB4NDcwYjk1YmM2MmY3M2NmNSUyNTNBMHg1Njg1ZmE1OTk3ZWU1MzRiJTIxMnpTMkZ5Wlc1dmRtRWdNVEV6T0M4eE5Dd2dNVFV3SURBd0lGQnlZV2hoSURVdFMyX0ZvY090eFpsbCUyMTVlMCUyMTNtMiUyMTFzY3MlMjEyc2N6JTIxNHYxNzIzMTQ5NTAzNTcyJTIxNW0yJTIxMXNjcyUyMTJzY3olMjIlMjB3aWR0aCUzRCUyMjYwMCUyMiUyMGhlaWdodCUzRCUyMjQ1MCUyMiUyMHN0eWxlJTNEJTIyYm9yZGVyJTNBMCUzQiUyMiUyMGFsbG93ZnVsbHNjcmVlbiUzRCUyMiUyMiUyMGxvYWRpbmclM0QlMjJsYXp5JTIyJTIwcmVmZXJyZXJwb2xpY3klM0QlMjJuby1yZWZlcnJlci13aGVuLWRvd25ncmFkZSUyMiUzRSUzQyUyRmlmcmFtZSUzRQ==&#8221;][\/vc_column][\/vc_row]<\/p>\n","protected":false},"author":3,"featured_media":0,"parent":0,"menu_order":0,"comment_status":"closed","ping_status":"closed","template":"templates\/full-screen.php","meta":{"footnotes":""},"class_list":["post-887","page","type-page","status-publish","hentry","entry","no-media"],"yoast_head":"<!-- This site is optimized with the Yoast SEO plugin v26.6 - https:\/\/yoast.com\/wordpress\/plugins\/seo\/ -->\n<title>Contact - Anglick\u00e1 \u0161kolka Praha 5<\/title>\n<meta name=\"robots\" content=\"index, follow, max-snippet:-1, max-image-preview:large, max-video-preview:-1\" \/>\n<link rel=\"canonical\" href=\"https:\/\/www.magicrainbow.cz\/en\/contact\/\" \/>\n<meta property=\"og:locale\" content=\"en_US\" \/>\n<meta property=\"og:type\" content=\"article\" \/>\n<meta property=\"og:title\" content=\"Contact - Anglick\u00e1 \u0161kolka Praha 5\" \/>\n<meta property=\"og:description\" content=\"[vc_row full_width=&#8221;stretch_row_content&#8221;][vc_column width=&#8221;1\/3&#8243;][\/vc_column][vc_column width=&#8221;1\/3&#8243; el_id=&#8221;kontakt&#8221;][vc_custom_heading text=&#8221;Location of preschool&#8221; font_container=&#8221;tag:h2|font_size:21px|text_align:center&#8221; google_fonts=&#8221;font_family:Roboto%20Slab%3A100%2C300%2Cregular%2C700|font_style:400%20regular%3A400%3Anormal&#8221;][vc_column_text] Karenova 14 150 00\u00a0 Prague 5 &#8211; Cibulka Contact person Mgr. Kamila Benesova \u2013 headmaster Phone: 776 775 522 E-mail: info@magicrainbow.cz Operated by \u0160kolka Magic Rainbow o.p.s. , Id#: 28992075. [\/vc_column_text][\/vc_column][vc_column width=&#8221;1\/3&#8243;][\/vc_column][\/vc_row][vc_row css_animation=&#8221;fadeIn&#8221; full_width=&#8221;stretch_row_content&#8221; css=&#8221;.vc_custom_1600537206723{background-color: #f1f1f4 !important;}&#8221;][vc_column][vc_custom_heading text=&#8221;Where can you find us&#8221; font_container=&#8221;tag:h2|font_size:21px|text_align:center&#8221; google_fonts=&#8221;font_family:Roboto%20Slab%3A100%2C300%2Cregular%2C700|font_style:400%20regular%3A400%3Anormal&#8221;][vc_gmaps link=&#8221;#E-8_JTNDaWZyYW1lJTIwc3JjJTNEJTIyaHR0cHMlM0ElMkYlMkZ3d3cuZ29vZ2xlLmNvbSUyRm1hcHMlMkZlbWJlZCUzRnBiJTNEJTIxMW0xOCUyMTFtMTIlMjExbTMlMjExZDI1NjEuMTc4NzEwMzM2NzcyJTIxMmQxNC4zNjMyMDI4NzY3NDQ3NTYlMjEzZDUwLjA2NDIxNDcxNTA5ODE2JTIxMm0zJTIxMWYwJTIxMmYwJTIxM2YwJTIxM20yJTIxMWkxMDI0JTIxMmk3NjglMjE0ZjEzLjElMjEzbTMlMjExbTIlMjExczB4NDcwYjk1YmM2MmY3M2NmNSUyNTNBMHg1Njg1ZmE1OTk3ZWU1MzRiJTIxMnpTMkZ5Wlc1dmRtRWdNVEV6T0M4eE5Dd2dNVFV3SURBd0lGQnlZV2hoSURVdFMyX0ZvY090eFpsbCUyMTVlMCUyMTNtMiUyMTFzY3MlMjEyc2N6JTIxNHYxNzIzMTQ5NTAzNTcyJTIxNW0yJTIxMXNjcyUyMTJzY3olMjIlMjB3aWR0aCUzRCUyMjYwMCUyMiUyMGhlaWdodCUzRCUyMjQ1MCUyMiUyMHN0eWxlJTNEJTIyYm9yZGVyJTNBMCUzQiUyMiUyMGFsbG93ZnVsbHNjcmVlbiUzRCUyMiUyMiUyMGxvYWRpbmclM0QlMjJsYXp5JTIyJTIwcmVmZXJyZXJwb2xpY3klM0QlMjJuby1yZWZlcnJlci13aGVuLWRvd25ncmFkZSUyMiUzRSUzQyUyRmlmcmFtZSUzRQ==&#8221;][\/vc_column][\/vc_row]\" \/>\n<meta property=\"og:url\" content=\"https:\/\/www.magicrainbow.cz\/en\/contact\/\" \/>\n<meta property=\"og:site_name\" content=\"Anglick\u00e1 \u0161kolka Praha 5\" \/>\n<meta property=\"article:publisher\" content=\"https:\/\/www.facebook.com\/MagicRainbowPraha\/\" \/>\n<meta property=\"article:modified_time\" content=\"2025-08-29T10:18:18+00:00\" \/>\n<meta name=\"twitter:card\" content=\"summary_large_image\" \/>\n<meta name=\"twitter:label1\" content=\"Est. reading time\" \/>\n\t<meta name=\"twitter:data1\" content=\"1 minute\" \/>\n<script type=\"application\/ld+json\" class=\"yoast-schema-graph\">{\"@context\":\"https:\/\/schema.org\",\"@graph\":[{\"@type\":\"WebPage\",\"@id\":\"https:\/\/www.magicrainbow.cz\/en\/contact\/\",\"url\":\"https:\/\/www.magicrainbow.cz\/en\/contact\/\",\"name\":\"Contact - Anglick\u00e1 \u0161kolka Praha 5\",\"isPartOf\":{\"@id\":\"https:\/\/www.magicrainbow.cz\/#website\"},\"datePublished\":\"2020-11-19T08:37:07+00:00\",\"dateModified\":\"2025-08-29T10:18:18+00:00\",\"breadcrumb\":{\"@id\":\"https:\/\/www.magicrainbow.cz\/en\/contact\/#breadcrumb\"},\"inLanguage\":\"en-US\",\"potentialAction\":[{\"@type\":\"ReadAction\",\"target\":[\"https:\/\/www.magicrainbow.cz\/en\/contact\/\"]}]},{\"@type\":\"BreadcrumbList\",\"@id\":\"https:\/\/www.magicrainbow.cz\/en\/contact\/#breadcrumb\",\"itemListElement\":[{\"@type\":\"ListItem\",\"position\":1,\"name\":\"Dom\u016f\",\"item\":\"https:\/\/www.magicrainbow.cz\/en\/\"},{\"@type\":\"ListItem\",\"position\":2,\"name\":\"Contact\"}]},{\"@type\":\"WebSite\",\"@id\":\"https:\/\/www.magicrainbow.cz\/#website\",\"url\":\"https:\/\/www.magicrainbow.cz\/\",\"name\":\"Anglick\u00e1 \u0161kolka Praha 5\",\"description\":\"English preschool Prague 5 - Anglick\u00e1 \u0161kolka s rodil\u00fdmi mluv\u010d\u00edmi v Praze 5- H\u0159ebenk\u00e1ch pro d\u011bti 2-6 let. D\u011bti se u\u010d\u00ed angli\u010dtinu hravou a z\u00e1bavnou formou ve t\u0159\u00edd\u00e1ch s mal\u00fdm po\u010dtem \u017e\u00e1k\u016f.\",\"publisher\":{\"@id\":\"https:\/\/www.magicrainbow.cz\/#organization\"},\"potentialAction\":[{\"@type\":\"SearchAction\",\"target\":{\"@type\":\"EntryPoint\",\"urlTemplate\":\"https:\/\/www.magicrainbow.cz\/?s={search_term_string}\"},\"query-input\":{\"@type\":\"PropertyValueSpecification\",\"valueRequired\":true,\"valueName\":\"search_term_string\"}}],\"inLanguage\":\"en-US\"},{\"@type\":\"Organization\",\"@id\":\"https:\/\/www.magicrainbow.cz\/#organization\",\"name\":\"\u0160kolka Magic Rainbow o.p.s.\",\"url\":\"https:\/\/www.magicrainbow.cz\/\",\"logo\":{\"@type\":\"ImageObject\",\"inLanguage\":\"en-US\",\"@id\":\"https:\/\/www.magicrainbow.cz\/#\/schema\/logo\/image\/\",\"url\":\"https:\/\/www.magicrainbow.cz\/wp-content\/uploads\/2020\/09\/logo-magic-rainbow-big.png\",\"contentUrl\":\"https:\/\/www.magicrainbow.cz\/wp-content\/uploads\/2020\/09\/logo-magic-rainbow-big.png\",\"width\":353,\"height\":207,\"caption\":\"\u0160kolka Magic Rainbow o.p.s.\"},\"image\":{\"@id\":\"https:\/\/www.magicrainbow.cz\/#\/schema\/logo\/image\/\"},\"sameAs\":[\"https:\/\/www.facebook.com\/MagicRainbowPraha\/\",\"https:\/\/www.instagram.com\/_magicrainbowpreschool\/\"]}]}<\/script>\n<!-- \/ Yoast SEO plugin. -->","yoast_head_json":{"title":"Contact - Anglick\u00e1 \u0161kolka Praha 5","robots":{"index":"index","follow":"follow","max-snippet":"max-snippet:-1","max-image-preview":"max-image-preview:large","max-video-preview":"max-video-preview:-1"},"canonical":"https:\/\/www.magicrainbow.cz\/en\/contact\/","og_locale":"en_US","og_type":"article","og_title":"Contact - Anglick\u00e1 \u0161kolka Praha 5","og_description":"[vc_row full_width=&#8221;stretch_row_content&#8221;][vc_column width=&#8221;1\/3&#8243;][\/vc_column][vc_column width=&#8221;1\/3&#8243; el_id=&#8221;kontakt&#8221;][vc_custom_heading text=&#8221;Location of preschool&#8221; font_container=&#8221;tag:h2|font_size:21px|text_align:center&#8221; google_fonts=&#8221;font_family:Roboto%20Slab%3A100%2C300%2Cregular%2C700|font_style:400%20regular%3A400%3Anormal&#8221;][vc_column_text] Karenova 14 150 00\u00a0 Prague 5 &#8211; Cibulka Contact person Mgr. Kamila Benesova \u2013 headmaster Phone: 776 775 522 E-mail: info@magicrainbow.cz Operated by \u0160kolka Magic Rainbow o.p.s. , Id#: 28992075. [\/vc_column_text][\/vc_column][vc_column width=&#8221;1\/3&#8243;][\/vc_column][\/vc_row][vc_row css_animation=&#8221;fadeIn&#8221; full_width=&#8221;stretch_row_content&#8221; css=&#8221;.vc_custom_1600537206723{background-color: #f1f1f4 !important;}&#8221;][vc_column][vc_custom_heading text=&#8221;Where can you find us&#8221; font_container=&#8221;tag:h2|font_size:21px|text_align:center&#8221; google_fonts=&#8221;font_family:Roboto%20Slab%3A100%2C300%2Cregular%2C700|font_style:400%20regular%3A400%3Anormal&#8221;][vc_gmaps link=&#8221;#E-8_JTNDaWZyYW1lJTIwc3JjJTNEJTIyaHR0cHMlM0ElMkYlMkZ3d3cuZ29vZ2xlLmNvbSUyRm1hcHMlMkZlbWJlZCUzRnBiJTNEJTIxMW0xOCUyMTFtMTIlMjExbTMlMjExZDI1NjEuMTc4NzEwMzM2NzcyJTIxMmQxNC4zNjMyMDI4NzY3NDQ3NTYlMjEzZDUwLjA2NDIxNDcxNTA5ODE2JTIxMm0zJTIxMWYwJTIxMmYwJTIxM2YwJTIxM20yJTIxMWkxMDI0JTIxMmk3NjglMjE0ZjEzLjElMjEzbTMlMjExbTIlMjExczB4NDcwYjk1YmM2MmY3M2NmNSUyNTNBMHg1Njg1ZmE1OTk3ZWU1MzRiJTIxMnpTMkZ5Wlc1dmRtRWdNVEV6T0M4eE5Dd2dNVFV3SURBd0lGQnlZV2hoSURVdFMyX0ZvY090eFpsbCUyMTVlMCUyMTNtMiUyMTFzY3MlMjEyc2N6JTIxNHYxNzIzMTQ5NTAzNTcyJTIxNW0yJTIxMXNjcyUyMTJzY3olMjIlMjB3aWR0aCUzRCUyMjYwMCUyMiUyMGhlaWdodCUzRCUyMjQ1MCUyMiUyMHN0eWxlJTNEJTIyYm9yZGVyJTNBMCUzQiUyMiUyMGFsbG93ZnVsbHNjcmVlbiUzRCUyMiUyMiUyMGxvYWRpbmclM0QlMjJsYXp5JTIyJTIwcmVmZXJyZXJwb2xpY3klM0QlMjJuby1yZWZlcnJlci13aGVuLWRvd25ncmFkZSUyMiUzRSUzQyUyRmlmcmFtZSUzRQ==&#8221;][\/vc_column][\/vc_row]","og_url":"https:\/\/www.magicrainbow.cz\/en\/contact\/","og_site_name":"Anglick\u00e1 \u0161kolka Praha 5","article_publisher":"https:\/\/www.facebook.com\/MagicRainbowPraha\/","article_modified_time":"2025-08-29T10:18:18+00:00","twitter_card":"summary_large_image","twitter_misc":{"Est. reading time":"1 minute"},"schema":{"@context":"https:\/\/schema.org","@graph":[{"@type":"WebPage","@id":"https:\/\/www.magicrainbow.cz\/en\/contact\/","url":"https:\/\/www.magicrainbow.cz\/en\/contact\/","name":"Contact - Anglick\u00e1 \u0161kolka Praha 5","isPartOf":{"@id":"https:\/\/www.magicrainbow.cz\/#website"},"datePublished":"2020-11-19T08:37:07+00:00","dateModified":"2025-08-29T10:18:18+00:00","breadcrumb":{"@id":"https:\/\/www.magicrainbow.cz\/en\/contact\/#breadcrumb"},"inLanguage":"en-US","potentialAction":[{"@type":"ReadAction","target":["https:\/\/www.magicrainbow.cz\/en\/contact\/"]}]},{"@type":"BreadcrumbList","@id":"https:\/\/www.magicrainbow.cz\/en\/contact\/#breadcrumb","itemListElement":[{"@type":"ListItem","position":1,"name":"Dom\u016f","item":"https:\/\/www.magicrainbow.cz\/en\/"},{"@type":"ListItem","position":2,"name":"Contact"}]},{"@type":"WebSite","@id":"https:\/\/www.magicrainbow.cz\/#website","url":"https:\/\/www.magicrainbow.cz\/","name":"Anglick\u00e1 \u0161kolka Praha 5","description":"English preschool Prague 5 - Anglick\u00e1 \u0161kolka s rodil\u00fdmi mluv\u010d\u00edmi v Praze 5- H\u0159ebenk\u00e1ch pro d\u011bti 2-6 let. D\u011bti se u\u010d\u00ed angli\u010dtinu hravou a z\u00e1bavnou formou ve t\u0159\u00edd\u00e1ch s mal\u00fdm po\u010dtem \u017e\u00e1k\u016f.","publisher":{"@id":"https:\/\/www.magicrainbow.cz\/#organization"},"potentialAction":[{"@type":"SearchAction","target":{"@type":"EntryPoint","urlTemplate":"https:\/\/www.magicrainbow.cz\/?s={search_term_string}"},"query-input":{"@type":"PropertyValueSpecification","valueRequired":true,"valueName":"search_term_string"}}],"inLanguage":"en-US"},{"@type":"Organization","@id":"https:\/\/www.magicrainbow.cz\/#organization","name":"\u0160kolka Magic Rainbow o.p.s.","url":"https:\/\/www.magicrainbow.cz\/","logo":{"@type":"ImageObject","inLanguage":"en-US","@id":"https:\/\/www.magicrainbow.cz\/#\/schema\/logo\/image\/","url":"https:\/\/www.magicrainbow.cz\/wp-content\/uploads\/2020\/09\/logo-magic-rainbow-big.png","contentUrl":"https:\/\/www.magicrainbow.cz\/wp-content\/uploads\/2020\/09\/logo-magic-rainbow-big.png","width":353,"height":207,"caption":"\u0160kolka Magic Rainbow o.p.s."},"image":{"@id":"https:\/\/www.magicrainbow.cz\/#\/schema\/logo\/image\/"},"sameAs":["https:\/\/www.facebook.com\/MagicRainbowPraha\/","https:\/\/www.instagram.com\/_magicrainbowpreschool\/"]}]}},"_links":{"self":[{"href":"https:\/\/www.magicrainbow.cz\/en\/wp-json\/wp\/v2\/pages\/887\/"}],"collection":[{"href":"https:\/\/www.magicrainbow.cz\/en\/wp-json\/wp\/v2\/pages\/"}],"about":[{"href":"https:\/\/www.magicrainbow.cz\/en\/wp-json\/wp\/v2\/types\/page\/"}],"author":[{"embeddable":true,"href":"https:\/\/www.magicrainbow.cz\/en\/wp-json\/wp\/v2\/users\/3\/"}],"replies":[{"embeddable":true,"href":"https:\/\/www.magicrainbow.cz\/en\/wp-json\/wp\/v2\/comments\/?post=887"}],"version-history":[{"count":5,"href":"https:\/\/www.magicrainbow.cz\/en\/wp-json\/wp\/v2\/pages\/887\/revisions\/"}],"predecessor-version":[{"id":1142,"href":"https:\/\/www.magicrainbow.cz\/en\/wp-json\/wp\/v2\/pages\/887\/revisions\/1142\/"}],"wp:attachment":[{"href":"https:\/\/www.magicrainbow.cz\/en\/wp-json\/wp\/v2\/media\/?parent=887"}],"curies":[{"name":"wp","href":"https:\/\/api.w.org\/{rel}","templated":true}]}}