{"id":989,"date":"2021-07-09T22:45:57","date_gmt":"2021-07-09T20:45:57","guid":{"rendered":"http:\/\/www.magicrainbow.cz\/about-us\/"},"modified":"2023-03-06T12:57:41","modified_gmt":"2023-03-06T10:57:41","slug":"about-us","status":"publish","type":"page","link":"https:\/\/www.magicrainbow.cz\/en\/about-us\/","title":{"rendered":"About us"},"content":{"rendered":"<div class=\"wpb-content-wrapper\">[vc_row local_scroll_id=&#8221;onas&#8221;][vc_column]<style> style=\"height:60px;\"<\/style><div class=\"vcex-spacing wpex-w-100 wpex-clear\" style=\"height:60px;\"><\/div>[vc_custom_heading text=&#8221;About Magic Rainbow preschool&#8221; font_container=&#8221;tag:h2|text_align:center&#8221;]<style> style=\"height:20px;\"<\/style><div class=\"vcex-spacing wpex-w-100 wpex-clear\" style=\"height:20px;\"><\/div><div class=\"vcex-divider-multicolor vcex-module wpex-flex wpex-w-100 wpex-m-auto\"><span class=\"vcex-divider-multicolor__item wpex-flex-grow\" style=\"background:#301961;\"><\/span><span class=\"vcex-divider-multicolor__item wpex-flex-grow\" style=\"background:#452586;\"><\/span><span class=\"vcex-divider-multicolor__item wpex-flex-grow\" style=\"background:#301961;\"><\/span><span class=\"vcex-divider-multicolor__item wpex-flex-grow\" style=\"background:#5f3aae;\"><\/span><span class=\"vcex-divider-multicolor__item wpex-flex-grow\" style=\"background:#01c1a8;\"><\/span><span class=\"vcex-divider-multicolor__item wpex-flex-grow\" style=\"background:#11e2c5;\"><\/span><span class=\"vcex-divider-multicolor__item wpex-flex-grow\" style=\"background:#6ffceb;\"><\/span><span class=\"vcex-divider-multicolor__item wpex-flex-grow\" style=\"background:#b0fbff;\"><\/span><\/div><style> style=\"height:20px;\"<\/style><div class=\"vcex-spacing wpex-w-100 wpex-clear\" style=\"height:20px;\"><\/div>[\/vc_column][\/vc_row][vc_row local_scroll_id=&#8221;onas&#8221;][vc_column width=&#8221;1\/6&#8243;][\/vc_column][vc_column width=&#8221;2\/3&#8243;][vc_column_text]<strong>Magic Rainbow Preschool<\/strong> is a private language preschool accepting children aged 2-6 years of age to learn in an English speaking enviroment.<\/p>\n<p>Magic Rainbow Preschool is located in a beautiful and quiet area of Prague 5 &#8211; Cibulka. The preschool is surrounded by a large garden which is adapted to the needs of the children when they are outside.<\/p>\n<p>All teaching is conducted in English, which allows children to learn the language in a natural and spontaneous way. The nursery has classes with a low number of pupils. Each class is taught by two teachers, mostly native speakers, who have previous experience in teaching preschool children. Due to the low number of children per teacher, it is possible to give individual attention to each child and to adapt the teaching so that the child comes to school happy and joyful.<\/p>\n<p>If you are interested in enrolling your boy or girl with us, please fill out the online application form and we will contact you.[\/vc_column_text][\/vc_column][vc_column width=&#8221;1\/6&#8243;][\/vc_column][\/vc_row][vc_row][vc_column][vc_column_text]\n[\/vc_column_text][\/vc_column][\/vc_row][vc_row full_width=&#8221;stretch_row&#8221; css=&#8221;.vc_custom_1489540418240{padding-top: 40px !important;background-color: #f1f1f4 !important;}&#8221;][vc_column][vc_custom_heading text=&#8221;Give your child a chance to learn English in a natural enviroment&#8221; font_container=&#8221;tag:h2|font_size:21px|text_align:center&#8221; google_fonts=&#8221;font_family:Roboto%20Slab%3A100%2C300%2Cregular%2C700|font_style:400%20regular%3A400%3Anormal&#8221;]<style> style=\"height:20px;\"<\/style><div class=\"vcex-spacing wpex-w-100 wpex-clear\" style=\"height:20px;\"><\/div><div class=\"theme-button-wrap textcenter wpex-clr\"><a href=\"http:\/\/www.urlaubr.eu\/prihlaska-pro-dite\/\" class=\"vcex-button theme-button three-d black align-center inline\" style=\"background:#1bbc9b;font-size:14px;letter-spacing:0.6px;border-radius:4px;\" data-wpex-hover='{&quot;background&quot;:&quot;#179e83&quot;}' title=\"Fill in the application form\" rel=\"none\"><span class=\"vcex-button-inner theme-button-inner\">Fill in the application form<\/span><\/a><\/div> <style> style=\"height:40px;\"<\/style><div class=\"vcex-spacing wpex-w-100 wpex-clear\" style=\"height:40px;\"><\/div>[\/vc_column][\/vc_row][vc_row full_width=&#8221;stretch_row_content&#8221;][vc_column width=&#8221;1\/3&#8243;][\/vc_column][vc_column width=&#8221;1\/3&#8243; el_id=&#8221;kontakt&#8221;]<style> style=\"height:40px;\"<\/style><div class=\"vcex-spacing wpex-w-100 wpex-clear\" style=\"height:40px;\"><\/div>[vc_custom_heading text=&#8221;Location of preschool&#8221; font_container=&#8221;tag:h2|font_size:21px|text_align:center&#8221; google_fonts=&#8221;font_family:Roboto%20Slab%3A100%2C300%2Cregular%2C700|font_style:400%20regular%3A400%3Anormal&#8221;]<div class=\"vcex-module vcex-divider vcex-divider-solid vcex-divider-center wpex-mx-auto wpex-max-w-100 wpex-block wpex-h-0 wpex-border-b wpex-border-solid wpex-border-main\" style=\"width:30px;margin-top:20px;margin-bottom:40px;border-bottom-width:2px;border-color:#252d3b;\"><\/div><style> style=\"height:20px;\"<\/style><div class=\"vcex-spacing wpex-w-100 wpex-clear\" style=\"height:20px;\"><\/div>[vc_column_text]\n<p style=\"text-align: center;\"><b>Karenova 14<\/b>,<br \/>\n<strong>150 00\u00a0 Prague 5 &#8211; Cibulka<\/strong><\/p>\n<h5 style=\"text-align: center;\">Contact person<\/h5>\n<p style=\"text-align: center;\">Mgr. Kamila Bene\u0161ov\u00e1 \u2013 headmaster<br \/>\nPhone: <a href=\"tel:+420776775522\">+420 776 775 522<\/a><br \/>\nE-mail: <a href=\"mailto:info@magicrainbow.cz\">info@magicrainbow.cz<\/a><\/p>\n<p style=\"text-align: center;\">Operated by \u0160kolka Magic Rainbow o.p.s. , Id#: 28992075.<\/p>\n[\/vc_column_text]<style> style=\"height:40px;\"<\/style><div class=\"vcex-spacing wpex-w-100 wpex-clear\" style=\"height:40px;\"><\/div>[\/vc_column][vc_column width=&#8221;1\/3&#8243;][\/vc_column][\/vc_row][vc_row css_animation=&#8221;fadeIn&#8221; full_width=&#8221;stretch_row_content&#8221; css=&#8221;.vc_custom_1600537206723{background-color: #f1f1f4 !important;}&#8221;][vc_column]<style> style=\"height:20px;\"<\/style><div class=\"vcex-spacing wpex-w-100 wpex-clear\" style=\"height:20px;\"><\/div>[vc_custom_heading text=&#8221;Where can you find us&#8221; font_container=&#8221;tag:h2|font_size:21px|text_align:center&#8221; google_fonts=&#8221;font_family:Roboto%20Slab%3A100%2C300%2Cregular%2C700|font_style:400%20regular%3A400%3Anormal&#8221;]<div class=\"vcex-module vcex-divider vcex-divider-solid vcex-divider-center wpex-mx-auto wpex-max-w-100 wpex-block wpex-h-0 wpex-border-b wpex-border-solid wpex-border-main\" style=\"width:30px;margin-top:20px;margin-bottom:40px;border-bottom-width:2px;border-color:#252d3b;\"><\/div><style> style=\"height:20px;\"<\/style><div class=\"vcex-spacing wpex-w-100 wpex-clear\" style=\"height:20px;\"><\/div>[vc_gmaps link=&#8221;#E-8_JTNDaWZyYW1lJTIwc3JjJTNEJTIyaHR0cHMlM0ElMkYlMkZ3d3cuZ29vZ2xlLmNvbSUyRm1hcHMlMkZlbWJlZCUzRnBiJTNEJTIxMW0xOCUyMTFtMTIlMjExbTMlMjExZDI1NjAuNjQ4NzU3NDk0NjElMjEyZDE0LjM4MTM4MzkxNTEwMTI0MiUyMTNkNTAuMDc0MTM5MzIyMjg5OTk0JTIxMm0zJTIxMWYwJTIxMmYwJTIxM2YwJTIxM20yJTIxMWkxMDI0JTIxMmk3NjglMjE0ZjEzLjElMjEzbTMlMjExbTIlMjExczB4NDcwYjk1MDc2N2Q2MDA5MyUyNTNBMHg4YWY0NzllMTZhMjU0ZWQ2JTIxMnNNYWdpYyUyNTIwUmFpbmJvdyUyNTIwUHJlc2Nob29sJTIxNWUwJTIxM20yJTIxMXNjcyUyMTJzY3olMjE0djE2MDA1MzYzMjM0NjElMjE1bTIlMjExc2NzJTIxMnNjeiUyMiUyMHdpZHRoJTNEJTIyNjAwJTIyJTIwaGVpZ2h0JTNEJTIyNDUwJTIyJTIwZnJhbWVib3JkZXIlM0QlMjIwJTIyJTIwc3R5bGUlM0QlMjJib3JkZXIlM0EwJTNCJTIyJTIwYWxsb3dmdWxsc2NyZWVuJTNEJTIyJTIyJTIwYXJpYS1oaWRkZW4lM0QlMjJmYWxzZSUyMiUyMHRhYmluZGV4JTNEJTIyMCUyMiUzRSUzQyUyRmlmcmFtZSUzRQ==&#8221;][\/vc_column][\/vc_row]\n<\/div>","protected":false},"excerpt":{"rendered":"<p>[vc_row local_scroll_id=&#8221;onas&#8221;][vc_column][vc_custom_heading text=&#8221;About Magic Rainbow preschool&#8221; font_container=&#8221;tag:h2|text_align:center&#8221;][\/vc_column][\/vc_row][vc_row local_scroll_id=&#8221;onas&#8221;][vc_column width=&#8221;1\/6&#8243;][\/vc_column][vc_column width=&#8221;2\/3&#8243;][vc_column_text]Magic Rainbow Preschool is a private language preschool accepting children aged 2-6 years of age to learn in an English speaking enviroment. Magic Rainbow Preschool is located in a beautiful and quiet area of Prague 5 &#8211; Cibulka. The preschool is surrounded by a large garden&hellip;<\/p>\n","protected":false},"author":3,"featured_media":0,"parent":0,"menu_order":0,"comment_status":"closed","ping_status":"closed","template":"templates\/no-sidebar.php","meta":{"footnotes":""},"class_list":["post-989","page","type-page","status-publish","hentry","entry","no-media"],"yoast_head":"<!-- This site is optimized with the Yoast SEO plugin v26.6 - https:\/\/yoast.com\/wordpress\/plugins\/seo\/ -->\n<title>About us - Anglick\u00e1 \u0161kolka Praha 5<\/title>\n<meta name=\"robots\" content=\"index, follow, max-snippet:-1, max-image-preview:large, max-video-preview:-1\" \/>\n<link rel=\"canonical\" href=\"https:\/\/www.magicrainbow.cz\/en\/about-us\/\" \/>\n<meta property=\"og:locale\" content=\"en_US\" \/>\n<meta property=\"og:type\" content=\"article\" \/>\n<meta property=\"og:title\" content=\"About us - Anglick\u00e1 \u0161kolka Praha 5\" \/>\n<meta property=\"og:description\" content=\"[vc_row local_scroll_id=&#8221;onas&#8221;][vc_column][vc_custom_heading text=&#8221;About Magic Rainbow preschool&#8221; font_container=&#8221;tag:h2|text_align:center&#8221;][\/vc_column][\/vc_row][vc_row local_scroll_id=&#8221;onas&#8221;][vc_column width=&#8221;1\/6&#8243;][\/vc_column][vc_column width=&#8221;2\/3&#8243;][vc_column_text]Magic Rainbow Preschool is a private language preschool accepting children aged 2-6 years of age to learn in an English speaking enviroment. Magic Rainbow Preschool is located in a beautiful and quiet area of Prague 5 &#8211; Cibulka. The preschool is surrounded by a large garden&hellip;\" \/>\n<meta property=\"og:url\" content=\"https:\/\/www.magicrainbow.cz\/en\/about-us\/\" \/>\n<meta property=\"og:site_name\" content=\"Anglick\u00e1 \u0161kolka Praha 5\" \/>\n<meta property=\"article:publisher\" content=\"https:\/\/www.facebook.com\/MagicRainbowPraha\/\" \/>\n<meta property=\"article:modified_time\" content=\"2023-03-06T10:57:41+00:00\" \/>\n<meta name=\"twitter:card\" content=\"summary_large_image\" \/>\n<meta name=\"twitter:label1\" content=\"Est. reading time\" \/>\n\t<meta name=\"twitter:data1\" content=\"3 minutes\" \/>\n<script type=\"application\/ld+json\" class=\"yoast-schema-graph\">{\"@context\":\"https:\/\/schema.org\",\"@graph\":[{\"@type\":\"WebPage\",\"@id\":\"https:\/\/www.magicrainbow.cz\/en\/about-us\/\",\"url\":\"https:\/\/www.magicrainbow.cz\/en\/about-us\/\",\"name\":\"About us - Anglick\u00e1 \u0161kolka Praha 5\",\"isPartOf\":{\"@id\":\"https:\/\/www.magicrainbow.cz\/#website\"},\"datePublished\":\"2021-07-09T20:45:57+00:00\",\"dateModified\":\"2023-03-06T10:57:41+00:00\",\"breadcrumb\":{\"@id\":\"https:\/\/www.magicrainbow.cz\/en\/about-us\/#breadcrumb\"},\"inLanguage\":\"en-US\",\"potentialAction\":[{\"@type\":\"ReadAction\",\"target\":[\"https:\/\/www.magicrainbow.cz\/en\/about-us\/\"]}]},{\"@type\":\"BreadcrumbList\",\"@id\":\"https:\/\/www.magicrainbow.cz\/en\/about-us\/#breadcrumb\",\"itemListElement\":[{\"@type\":\"ListItem\",\"position\":1,\"name\":\"Dom\u016f\",\"item\":\"https:\/\/www.magicrainbow.cz\/en\/\"},{\"@type\":\"ListItem\",\"position\":2,\"name\":\"About us\"}]},{\"@type\":\"WebSite\",\"@id\":\"https:\/\/www.magicrainbow.cz\/#website\",\"url\":\"https:\/\/www.magicrainbow.cz\/\",\"name\":\"Anglick\u00e1 \u0161kolka Praha 5\",\"description\":\"English preschool Prague 5 - Anglick\u00e1 \u0161kolka s rodil\u00fdmi mluv\u010d\u00edmi v Praze 5- H\u0159ebenk\u00e1ch pro d\u011bti 2-6 let. D\u011bti se u\u010d\u00ed angli\u010dtinu hravou a z\u00e1bavnou formou ve t\u0159\u00edd\u00e1ch s mal\u00fdm po\u010dtem \u017e\u00e1k\u016f.\",\"publisher\":{\"@id\":\"https:\/\/www.magicrainbow.cz\/#organization\"},\"potentialAction\":[{\"@type\":\"SearchAction\",\"target\":{\"@type\":\"EntryPoint\",\"urlTemplate\":\"https:\/\/www.magicrainbow.cz\/?s={search_term_string}\"},\"query-input\":{\"@type\":\"PropertyValueSpecification\",\"valueRequired\":true,\"valueName\":\"search_term_string\"}}],\"inLanguage\":\"en-US\"},{\"@type\":\"Organization\",\"@id\":\"https:\/\/www.magicrainbow.cz\/#organization\",\"name\":\"\u0160kolka Magic Rainbow o.p.s.\",\"url\":\"https:\/\/www.magicrainbow.cz\/\",\"logo\":{\"@type\":\"ImageObject\",\"inLanguage\":\"en-US\",\"@id\":\"https:\/\/www.magicrainbow.cz\/#\/schema\/logo\/image\/\",\"url\":\"https:\/\/www.magicrainbow.cz\/wp-content\/uploads\/2020\/09\/logo-magic-rainbow-big.png\",\"contentUrl\":\"https:\/\/www.magicrainbow.cz\/wp-content\/uploads\/2020\/09\/logo-magic-rainbow-big.png\",\"width\":353,\"height\":207,\"caption\":\"\u0160kolka Magic Rainbow o.p.s.\"},\"image\":{\"@id\":\"https:\/\/www.magicrainbow.cz\/#\/schema\/logo\/image\/\"},\"sameAs\":[\"https:\/\/www.facebook.com\/MagicRainbowPraha\/\",\"https:\/\/www.instagram.com\/_magicrainbowpreschool\/\"]}]}<\/script>\n<!-- \/ Yoast SEO plugin. -->","yoast_head_json":{"title":"About us - Anglick\u00e1 \u0161kolka Praha 5","robots":{"index":"index","follow":"follow","max-snippet":"max-snippet:-1","max-image-preview":"max-image-preview:large","max-video-preview":"max-video-preview:-1"},"canonical":"https:\/\/www.magicrainbow.cz\/en\/about-us\/","og_locale":"en_US","og_type":"article","og_title":"About us - Anglick\u00e1 \u0161kolka Praha 5","og_description":"[vc_row local_scroll_id=&#8221;onas&#8221;][vc_column][vc_custom_heading text=&#8221;About Magic Rainbow preschool&#8221; font_container=&#8221;tag:h2|text_align:center&#8221;][\/vc_column][\/vc_row][vc_row local_scroll_id=&#8221;onas&#8221;][vc_column width=&#8221;1\/6&#8243;][\/vc_column][vc_column width=&#8221;2\/3&#8243;][vc_column_text]Magic Rainbow Preschool is a private language preschool accepting children aged 2-6 years of age to learn in an English speaking enviroment. Magic Rainbow Preschool is located in a beautiful and quiet area of Prague 5 &#8211; Cibulka. The preschool is surrounded by a large garden&hellip;","og_url":"https:\/\/www.magicrainbow.cz\/en\/about-us\/","og_site_name":"Anglick\u00e1 \u0161kolka Praha 5","article_publisher":"https:\/\/www.facebook.com\/MagicRainbowPraha\/","article_modified_time":"2023-03-06T10:57:41+00:00","twitter_card":"summary_large_image","twitter_misc":{"Est. reading time":"3 minutes"},"schema":{"@context":"https:\/\/schema.org","@graph":[{"@type":"WebPage","@id":"https:\/\/www.magicrainbow.cz\/en\/about-us\/","url":"https:\/\/www.magicrainbow.cz\/en\/about-us\/","name":"About us - Anglick\u00e1 \u0161kolka Praha 5","isPartOf":{"@id":"https:\/\/www.magicrainbow.cz\/#website"},"datePublished":"2021-07-09T20:45:57+00:00","dateModified":"2023-03-06T10:57:41+00:00","breadcrumb":{"@id":"https:\/\/www.magicrainbow.cz\/en\/about-us\/#breadcrumb"},"inLanguage":"en-US","potentialAction":[{"@type":"ReadAction","target":["https:\/\/www.magicrainbow.cz\/en\/about-us\/"]}]},{"@type":"BreadcrumbList","@id":"https:\/\/www.magicrainbow.cz\/en\/about-us\/#breadcrumb","itemListElement":[{"@type":"ListItem","position":1,"name":"Dom\u016f","item":"https:\/\/www.magicrainbow.cz\/en\/"},{"@type":"ListItem","position":2,"name":"About us"}]},{"@type":"WebSite","@id":"https:\/\/www.magicrainbow.cz\/#website","url":"https:\/\/www.magicrainbow.cz\/","name":"Anglick\u00e1 \u0161kolka Praha 5","description":"English preschool Prague 5 - Anglick\u00e1 \u0161kolka s rodil\u00fdmi mluv\u010d\u00edmi v Praze 5- H\u0159ebenk\u00e1ch pro d\u011bti 2-6 let. D\u011bti se u\u010d\u00ed angli\u010dtinu hravou a z\u00e1bavnou formou ve t\u0159\u00edd\u00e1ch s mal\u00fdm po\u010dtem \u017e\u00e1k\u016f.","publisher":{"@id":"https:\/\/www.magicrainbow.cz\/#organization"},"potentialAction":[{"@type":"SearchAction","target":{"@type":"EntryPoint","urlTemplate":"https:\/\/www.magicrainbow.cz\/?s={search_term_string}"},"query-input":{"@type":"PropertyValueSpecification","valueRequired":true,"valueName":"search_term_string"}}],"inLanguage":"en-US"},{"@type":"Organization","@id":"https:\/\/www.magicrainbow.cz\/#organization","name":"\u0160kolka Magic Rainbow o.p.s.","url":"https:\/\/www.magicrainbow.cz\/","logo":{"@type":"ImageObject","inLanguage":"en-US","@id":"https:\/\/www.magicrainbow.cz\/#\/schema\/logo\/image\/","url":"https:\/\/www.magicrainbow.cz\/wp-content\/uploads\/2020\/09\/logo-magic-rainbow-big.png","contentUrl":"https:\/\/www.magicrainbow.cz\/wp-content\/uploads\/2020\/09\/logo-magic-rainbow-big.png","width":353,"height":207,"caption":"\u0160kolka Magic Rainbow o.p.s."},"image":{"@id":"https:\/\/www.magicrainbow.cz\/#\/schema\/logo\/image\/"},"sameAs":["https:\/\/www.facebook.com\/MagicRainbowPraha\/","https:\/\/www.instagram.com\/_magicrainbowpreschool\/"]}]}},"_links":{"self":[{"href":"https:\/\/www.magicrainbow.cz\/en\/wp-json\/wp\/v2\/pages\/989\/"}],"collection":[{"href":"https:\/\/www.magicrainbow.cz\/en\/wp-json\/wp\/v2\/pages\/"}],"about":[{"href":"https:\/\/www.magicrainbow.cz\/en\/wp-json\/wp\/v2\/types\/page\/"}],"author":[{"embeddable":true,"href":"https:\/\/www.magicrainbow.cz\/en\/wp-json\/wp\/v2\/users\/3\/"}],"replies":[{"embeddable":true,"href":"https:\/\/www.magicrainbow.cz\/en\/wp-json\/wp\/v2\/comments\/?post=989"}],"version-history":[{"count":5,"href":"https:\/\/www.magicrainbow.cz\/en\/wp-json\/wp\/v2\/pages\/989\/revisions\/"}],"predecessor-version":[{"id":1030,"href":"https:\/\/www.magicrainbow.cz\/en\/wp-json\/wp\/v2\/pages\/989\/revisions\/1030\/"}],"wp:attachment":[{"href":"https:\/\/www.magicrainbow.cz\/en\/wp-json\/wp\/v2\/media\/?parent=989"}],"curies":[{"name":"wp","href":"https:\/\/api.w.org\/{rel}","templated":true}]}}