{"id":991,"date":"2021-07-09T22:49:48","date_gmt":"2021-07-09T20:49:48","guid":{"rendered":"http:\/\/www.magicrainbow.cz\/tuitions\/"},"modified":"2025-01-08T09:03:25","modified_gmt":"2025-01-08T07:03:25","slug":"tuitions","status":"publish","type":"page","link":"https:\/\/www.magicrainbow.cz\/en\/tuitions\/","title":{"rendered":"Tuitions"},"content":{"rendered":"<div class=\"wpb-content-wrapper\">[vc_row local_scroll_id=&#8221;skolne&#8221;][vc_column width=&#8221;1\/4&#8243;][\/vc_column][vc_column width=&#8221;1\/2&#8243;][vc_column_text el_id=&#8221;skolne&#8221;]\n<h3>\u0160koln\u00e9<\/h3>\n<h5><b>Doch\u00e1zka<\/b><\/h5>\n<div>Na\u0161e \u0161kolka nab\u00edz\u00ed n\u011bkolik mo\u017enost\u00ed doch\u00e1zky:<\/div>\n<ul type=\"disc\">\n<li>5 dn\u00ed v t\u00fddnu celodenn\u00ed doch\u00e1zka od 7.30 \u2013 17.30<\/li>\n<li>4 dny v t\u00fddnu celodenn\u00ed doch\u00e1zka od 7.30 \u2013 17.30<\/li>\n<li>3 dny v t\u00fddnu celodenn\u00ed doch\u00e1zka od 7.30 \u2013 17.30<\/li>\n<li>2 dny v t\u00fddnu celodenn\u00ed doch\u00e1zka od 7.30 \u2013 17.30<\/li>\n<li>5 dn\u00ed v t\u00fddnu dopoledn\u00ed doch\u00e1zka od 7.30 \u2013 13.00<\/li>\n<li>3 dny v t\u00fddnu dopoledn\u00ed doch\u00e1zka od 7.30 \u2013 13.00<\/li>\n<\/ul>\n<h5><b>Platba \u0161koln\u00e9ho<\/b><\/h5>\n<div>\u0160koln\u00e9 se plat\u00ed v\u017edy na m\u011bs\u00edc dop\u0159edu a mus\u00ed b\u00fdt uhrazeno nejpozd\u011bji k prvn\u00edmu dni n\u00e1sleduj\u00edc\u00edho platebn\u00edho obdob\u00ed. Platba m\u016f\u017ee b\u00fdt uhrazena bu\u010f hotov\u011b v kancel\u00e1\u0159i \u0161kolky nebo bankovn\u00edm p\u0159evodem na \u00fa\u010det.<\/div>\n<div>Pokud dojde k platebn\u00edmu prodlen\u00ed v\u00edce ne\u017e t\u00fdden, \u0161kolka m\u00e1 mo\u017enost nab\u00eddnout m\u00edsto jin\u00e9mu z\u00e1jemci.<\/div>\n<div>V p\u0159\u00edpad\u011b absence se pen\u00edze nevracej\u00ed.<\/div>\n<div>Nab\u00edz\u00edme 10% slevu ze \u0161koln\u00e9ho pro sourozence.<\/div>\n<div><\/div>\n<h5><b>Cen\u00edk<br \/>\n<\/b><\/h5>\n<div>Registra\u010dn\u00ed poplatek \u010din\u00ed 5000,- K\u010d. Tato \u010d\u00e1stka je nevratn\u00e1.<\/div>\n<div>Ceny jsou uvedeny za 1 m\u011bs\u00edc a jsou kone\u010dn\u00e9.<\/div>\n<div>\u0160koln\u00ed rok je rozd\u011blen na 11 m\u011bs\u00edc\u016f v obdob\u00ed z\u00e1\u0159\u00ed \u2013 \u010dervenec.<\/div>\n<h5><b><u>Celodenn\u00ed v\u00fduka 7.30 &#8211; 17.30<\/u><\/b><\/h5>\n<div>2x t\u00fddn\u011b\u00a0 \u00a0<b>13.800<\/b>,- K\u010d<\/div>\n<div>3x t\u00fddn\u011b\u00a0 \u00a0<b>17.800<\/b>,- K\u010d<\/div>\n<div>4x t\u00fddn\u011b\u00a0 \u00a0<b>19.800<\/b>,- K\u010d<\/div>\n<div>5x t\u00fddn\u011b\u00a0 \u00a0<strong>22.300<\/strong>,- K\u010d<\/div>\n<h5><b><u>Dopoledn\u00ed v\u00fduka 7.30 \u2013 13.00<\/u><\/b><\/h5>\n<div>3x t\u00fddn\u011b\u00a0 \u00a0<strong>12.500<\/strong>,- K\u010d<\/div>\n<div>5x t\u00fddn\u011b\u00a0 \u00a0<b>17.100<\/b>,- K\u010d<\/div>\n<div><\/div>\n<div>Pro ide\u00e1ln\u00ed zvl\u00e1dnut\u00ed jazykov\u00e9ho programu je doporu\u010dena celot\u00fddenn\u00ed doch\u00e1zka 5x t\u00fddn\u011b na dopoledne \u010di cel\u00fd den. T\u0159\u00eddenn\u00ed doch\u00e1zka je ur\u010dena sp\u00ed\u0161e mlad\u0161\u00edm d\u011btem, kter\u00e9 si na \u0161kolku teprve zvykaj\u00ed.<\/div>\n[\/vc_column_text][\/vc_column][vc_column width=&#8221;1\/4&#8243;][\/vc_column][\/vc_row][vc_row full_width=&#8221;stretch_row&#8221; css=&#8221;.vc_custom_1489540418240{padding-top: 40px !important;background-color: #f1f1f4 !important;}&#8221;][vc_column][vc_custom_heading text=&#8221;Give your child a chance to learn English in a natural enviroment&#8221; font_container=&#8221;tag:h2|font_size:21px|text_align:center&#8221; google_fonts=&#8221;font_family:Roboto%20Slab%3A100%2C300%2Cregular%2C700|font_style:400%20regular%3A400%3Anormal&#8221;]<style> style=\"height:20px;\"<\/style><div class=\"vcex-spacing wpex-w-100 wpex-clear\" style=\"height:20px;\"><\/div><div class=\"theme-button-wrap textcenter wpex-clr\"><a href=\"http:\/\/www.urlaubr.eu\/prihlaska-pro-dite\/\" class=\"vcex-button theme-button three-d black align-center inline\" style=\"background:#1bbc9b;font-size:14px;letter-spacing:0.6px;border-radius:4px;\" data-wpex-hover='{&quot;background&quot;:&quot;#179e83&quot;}' title=\"Vyplnit p\u0159ihl\u00e1\u0161ku\" rel=\"none\"><span class=\"vcex-button-inner theme-button-inner\">Vyplnit nez\u00e1vaznou p\u0159ihl\u00e1\u0161ku<\/span><\/a><\/div> <style> style=\"height:40px;\"<\/style><div class=\"vcex-spacing wpex-w-100 wpex-clear\" style=\"height:40px;\"><\/div>[\/vc_column][\/vc_row][vc_row full_width=&#8221;stretch_row_content&#8221;][vc_column width=&#8221;1\/3&#8243;][\/vc_column][vc_column width=&#8221;1\/3&#8243; el_id=&#8221;kontakt&#8221;]<style> style=\"height:40px;\"<\/style><div class=\"vcex-spacing wpex-w-100 wpex-clear\" style=\"height:40px;\"><\/div>[vc_custom_heading text=&#8221;Location of preschool&#8221; font_container=&#8221;tag:h2|font_size:21px|text_align:center&#8221; google_fonts=&#8221;font_family:Roboto%20Slab%3A100%2C300%2Cregular%2C700|font_style:400%20regular%3A400%3Anormal&#8221;]<div class=\"vcex-module vcex-divider vcex-divider-solid vcex-divider-center wpex-mx-auto wpex-max-w-100 wpex-block wpex-h-0 wpex-border-b wpex-border-solid wpex-border-main\" style=\"width:30px;margin-top:20px;margin-bottom:40px;border-bottom-width:2px;border-color:#252d3b;\"><\/div><style> style=\"height:20px;\"<\/style><div class=\"vcex-spacing wpex-w-100 wpex-clear\" style=\"height:20px;\"><\/div>[vc_column_text]\n<p style=\"text-align: center;\"><b>Karenova 14<\/b>,<br \/>\n<strong>150 00\u00a0 Prague 5 &#8211; Cibulka<\/strong><\/p>\n<h5 style=\"text-align: center;\">Contact person<\/h5>\n<p style=\"text-align: center;\">Mgr. Kamila Bene\u0161ov\u00e1 \u2013 headmaster<br \/>\nPhone: <a href=\"tel:+420776775522\">+420 776 775 522<\/a><br \/>\nE-mail: <a href=\"mailto:info@magicrainbow.cz\">info@magicrainbow.cz<\/a><\/p>\n<p style=\"text-align: center;\">Operated by \u0160kolka Magic Rainbow o.p.s. , Id#: 28992075.<\/p>\n<p>&nbsp;<br \/>\n[\/vc_column_text]<style> style=\"height:40px;\"<\/style><div class=\"vcex-spacing wpex-w-100 wpex-clear\" style=\"height:40px;\"><\/div>[\/vc_column][vc_column width=&#8221;1\/3&#8243;][\/vc_column][\/vc_row]\n<\/div>","protected":false},"excerpt":{"rendered":"<p>[vc_row local_scroll_id=&#8221;skolne&#8221;][vc_column width=&#8221;1\/4&#8243;][\/vc_column][vc_column width=&#8221;1\/2&#8243;][vc_column_text el_id=&#8221;skolne&#8221;] \u0160koln\u00e9 Doch\u00e1zka Na\u0161e \u0161kolka nab\u00edz\u00ed n\u011bkolik mo\u017enost\u00ed doch\u00e1zky: 5 dn\u00ed v t\u00fddnu celodenn\u00ed doch\u00e1zka od 7.30 \u2013 17.30 4 dny v t\u00fddnu celodenn\u00ed doch\u00e1zka od 7.30 \u2013 17.30 3 dny v t\u00fddnu celodenn\u00ed doch\u00e1zka od 7.30 \u2013 17.30 2 dny v t\u00fddnu celodenn\u00ed doch\u00e1zka od 7.30 \u2013 17.30 5 dn\u00ed&hellip;<\/p>\n","protected":false},"author":3,"featured_media":0,"parent":0,"menu_order":0,"comment_status":"closed","ping_status":"closed","template":"templates\/no-sidebar.php","meta":{"footnotes":""},"class_list":["post-991","page","type-page","status-publish","hentry","entry","no-media"],"yoast_head":"<!-- This site is optimized with the Yoast SEO plugin v26.6 - https:\/\/yoast.com\/wordpress\/plugins\/seo\/ -->\n<title>Tuitions - Anglick\u00e1 \u0161kolka Praha 5<\/title>\n<meta name=\"robots\" content=\"index, follow, max-snippet:-1, max-image-preview:large, max-video-preview:-1\" \/>\n<link rel=\"canonical\" href=\"https:\/\/www.magicrainbow.cz\/en\/tuitions\/\" \/>\n<meta property=\"og:locale\" content=\"en_US\" \/>\n<meta property=\"og:type\" content=\"article\" \/>\n<meta property=\"og:title\" content=\"Tuitions - Anglick\u00e1 \u0161kolka Praha 5\" \/>\n<meta property=\"og:description\" content=\"[vc_row local_scroll_id=&#8221;skolne&#8221;][vc_column width=&#8221;1\/4&#8243;][\/vc_column][vc_column width=&#8221;1\/2&#8243;][vc_column_text el_id=&#8221;skolne&#8221;] \u0160koln\u00e9 Doch\u00e1zka Na\u0161e \u0161kolka nab\u00edz\u00ed n\u011bkolik mo\u017enost\u00ed doch\u00e1zky: 5 dn\u00ed v t\u00fddnu celodenn\u00ed doch\u00e1zka od 7.30 \u2013 17.30 4 dny v t\u00fddnu celodenn\u00ed doch\u00e1zka od 7.30 \u2013 17.30 3 dny v t\u00fddnu celodenn\u00ed doch\u00e1zka od 7.30 \u2013 17.30 2 dny v t\u00fddnu celodenn\u00ed doch\u00e1zka od 7.30 \u2013 17.30 5 dn\u00ed&hellip;\" \/>\n<meta property=\"og:url\" content=\"https:\/\/www.magicrainbow.cz\/en\/tuitions\/\" \/>\n<meta property=\"og:site_name\" content=\"Anglick\u00e1 \u0161kolka Praha 5\" \/>\n<meta property=\"article:publisher\" content=\"https:\/\/www.facebook.com\/MagicRainbowPraha\/\" \/>\n<meta property=\"article:modified_time\" content=\"2025-01-08T07:03:25+00:00\" \/>\n<meta name=\"twitter:card\" content=\"summary_large_image\" \/>\n<meta name=\"twitter:label1\" content=\"Est. reading time\" \/>\n\t<meta name=\"twitter:data1\" content=\"3 minutes\" \/>\n<script type=\"application\/ld+json\" class=\"yoast-schema-graph\">{\"@context\":\"https:\/\/schema.org\",\"@graph\":[{\"@type\":\"WebPage\",\"@id\":\"https:\/\/www.magicrainbow.cz\/en\/tuitions\/\",\"url\":\"https:\/\/www.magicrainbow.cz\/en\/tuitions\/\",\"name\":\"Tuitions - Anglick\u00e1 \u0161kolka Praha 5\",\"isPartOf\":{\"@id\":\"https:\/\/www.magicrainbow.cz\/#website\"},\"datePublished\":\"2021-07-09T20:49:48+00:00\",\"dateModified\":\"2025-01-08T07:03:25+00:00\",\"breadcrumb\":{\"@id\":\"https:\/\/www.magicrainbow.cz\/en\/tuitions\/#breadcrumb\"},\"inLanguage\":\"en-US\",\"potentialAction\":[{\"@type\":\"ReadAction\",\"target\":[\"https:\/\/www.magicrainbow.cz\/en\/tuitions\/\"]}]},{\"@type\":\"BreadcrumbList\",\"@id\":\"https:\/\/www.magicrainbow.cz\/en\/tuitions\/#breadcrumb\",\"itemListElement\":[{\"@type\":\"ListItem\",\"position\":1,\"name\":\"Dom\u016f\",\"item\":\"https:\/\/www.magicrainbow.cz\/en\/\"},{\"@type\":\"ListItem\",\"position\":2,\"name\":\"Tuitions\"}]},{\"@type\":\"WebSite\",\"@id\":\"https:\/\/www.magicrainbow.cz\/#website\",\"url\":\"https:\/\/www.magicrainbow.cz\/\",\"name\":\"Anglick\u00e1 \u0161kolka Praha 5\",\"description\":\"English preschool Prague 5 - Anglick\u00e1 \u0161kolka s rodil\u00fdmi mluv\u010d\u00edmi v Praze 5- H\u0159ebenk\u00e1ch pro d\u011bti 2-6 let. D\u011bti se u\u010d\u00ed angli\u010dtinu hravou a z\u00e1bavnou formou ve t\u0159\u00edd\u00e1ch s mal\u00fdm po\u010dtem \u017e\u00e1k\u016f.\",\"publisher\":{\"@id\":\"https:\/\/www.magicrainbow.cz\/#organization\"},\"potentialAction\":[{\"@type\":\"SearchAction\",\"target\":{\"@type\":\"EntryPoint\",\"urlTemplate\":\"https:\/\/www.magicrainbow.cz\/?s={search_term_string}\"},\"query-input\":{\"@type\":\"PropertyValueSpecification\",\"valueRequired\":true,\"valueName\":\"search_term_string\"}}],\"inLanguage\":\"en-US\"},{\"@type\":\"Organization\",\"@id\":\"https:\/\/www.magicrainbow.cz\/#organization\",\"name\":\"\u0160kolka Magic Rainbow o.p.s.\",\"url\":\"https:\/\/www.magicrainbow.cz\/\",\"logo\":{\"@type\":\"ImageObject\",\"inLanguage\":\"en-US\",\"@id\":\"https:\/\/www.magicrainbow.cz\/#\/schema\/logo\/image\/\",\"url\":\"https:\/\/www.magicrainbow.cz\/wp-content\/uploads\/2020\/09\/logo-magic-rainbow-big.png\",\"contentUrl\":\"https:\/\/www.magicrainbow.cz\/wp-content\/uploads\/2020\/09\/logo-magic-rainbow-big.png\",\"width\":353,\"height\":207,\"caption\":\"\u0160kolka Magic Rainbow o.p.s.\"},\"image\":{\"@id\":\"https:\/\/www.magicrainbow.cz\/#\/schema\/logo\/image\/\"},\"sameAs\":[\"https:\/\/www.facebook.com\/MagicRainbowPraha\/\",\"https:\/\/www.instagram.com\/_magicrainbowpreschool\/\"]}]}<\/script>\n<!-- \/ Yoast SEO plugin. -->","yoast_head_json":{"title":"Tuitions - Anglick\u00e1 \u0161kolka Praha 5","robots":{"index":"index","follow":"follow","max-snippet":"max-snippet:-1","max-image-preview":"max-image-preview:large","max-video-preview":"max-video-preview:-1"},"canonical":"https:\/\/www.magicrainbow.cz\/en\/tuitions\/","og_locale":"en_US","og_type":"article","og_title":"Tuitions - Anglick\u00e1 \u0161kolka Praha 5","og_description":"[vc_row local_scroll_id=&#8221;skolne&#8221;][vc_column width=&#8221;1\/4&#8243;][\/vc_column][vc_column width=&#8221;1\/2&#8243;][vc_column_text el_id=&#8221;skolne&#8221;] \u0160koln\u00e9 Doch\u00e1zka Na\u0161e \u0161kolka nab\u00edz\u00ed n\u011bkolik mo\u017enost\u00ed doch\u00e1zky: 5 dn\u00ed v t\u00fddnu celodenn\u00ed doch\u00e1zka od 7.30 \u2013 17.30 4 dny v t\u00fddnu celodenn\u00ed doch\u00e1zka od 7.30 \u2013 17.30 3 dny v t\u00fddnu celodenn\u00ed doch\u00e1zka od 7.30 \u2013 17.30 2 dny v t\u00fddnu celodenn\u00ed doch\u00e1zka od 7.30 \u2013 17.30 5 dn\u00ed&hellip;","og_url":"https:\/\/www.magicrainbow.cz\/en\/tuitions\/","og_site_name":"Anglick\u00e1 \u0161kolka Praha 5","article_publisher":"https:\/\/www.facebook.com\/MagicRainbowPraha\/","article_modified_time":"2025-01-08T07:03:25+00:00","twitter_card":"summary_large_image","twitter_misc":{"Est. reading time":"3 minutes"},"schema":{"@context":"https:\/\/schema.org","@graph":[{"@type":"WebPage","@id":"https:\/\/www.magicrainbow.cz\/en\/tuitions\/","url":"https:\/\/www.magicrainbow.cz\/en\/tuitions\/","name":"Tuitions - Anglick\u00e1 \u0161kolka Praha 5","isPartOf":{"@id":"https:\/\/www.magicrainbow.cz\/#website"},"datePublished":"2021-07-09T20:49:48+00:00","dateModified":"2025-01-08T07:03:25+00:00","breadcrumb":{"@id":"https:\/\/www.magicrainbow.cz\/en\/tuitions\/#breadcrumb"},"inLanguage":"en-US","potentialAction":[{"@type":"ReadAction","target":["https:\/\/www.magicrainbow.cz\/en\/tuitions\/"]}]},{"@type":"BreadcrumbList","@id":"https:\/\/www.magicrainbow.cz\/en\/tuitions\/#breadcrumb","itemListElement":[{"@type":"ListItem","position":1,"name":"Dom\u016f","item":"https:\/\/www.magicrainbow.cz\/en\/"},{"@type":"ListItem","position":2,"name":"Tuitions"}]},{"@type":"WebSite","@id":"https:\/\/www.magicrainbow.cz\/#website","url":"https:\/\/www.magicrainbow.cz\/","name":"Anglick\u00e1 \u0161kolka Praha 5","description":"English preschool Prague 5 - Anglick\u00e1 \u0161kolka s rodil\u00fdmi mluv\u010d\u00edmi v Praze 5- H\u0159ebenk\u00e1ch pro d\u011bti 2-6 let. D\u011bti se u\u010d\u00ed angli\u010dtinu hravou a z\u00e1bavnou formou ve t\u0159\u00edd\u00e1ch s mal\u00fdm po\u010dtem \u017e\u00e1k\u016f.","publisher":{"@id":"https:\/\/www.magicrainbow.cz\/#organization"},"potentialAction":[{"@type":"SearchAction","target":{"@type":"EntryPoint","urlTemplate":"https:\/\/www.magicrainbow.cz\/?s={search_term_string}"},"query-input":{"@type":"PropertyValueSpecification","valueRequired":true,"valueName":"search_term_string"}}],"inLanguage":"en-US"},{"@type":"Organization","@id":"https:\/\/www.magicrainbow.cz\/#organization","name":"\u0160kolka Magic Rainbow o.p.s.","url":"https:\/\/www.magicrainbow.cz\/","logo":{"@type":"ImageObject","inLanguage":"en-US","@id":"https:\/\/www.magicrainbow.cz\/#\/schema\/logo\/image\/","url":"https:\/\/www.magicrainbow.cz\/wp-content\/uploads\/2020\/09\/logo-magic-rainbow-big.png","contentUrl":"https:\/\/www.magicrainbow.cz\/wp-content\/uploads\/2020\/09\/logo-magic-rainbow-big.png","width":353,"height":207,"caption":"\u0160kolka Magic Rainbow o.p.s."},"image":{"@id":"https:\/\/www.magicrainbow.cz\/#\/schema\/logo\/image\/"},"sameAs":["https:\/\/www.facebook.com\/MagicRainbowPraha\/","https:\/\/www.instagram.com\/_magicrainbowpreschool\/"]}]}},"_links":{"self":[{"href":"https:\/\/www.magicrainbow.cz\/en\/wp-json\/wp\/v2\/pages\/991\/"}],"collection":[{"href":"https:\/\/www.magicrainbow.cz\/en\/wp-json\/wp\/v2\/pages\/"}],"about":[{"href":"https:\/\/www.magicrainbow.cz\/en\/wp-json\/wp\/v2\/types\/page\/"}],"author":[{"embeddable":true,"href":"https:\/\/www.magicrainbow.cz\/en\/wp-json\/wp\/v2\/users\/3\/"}],"replies":[{"embeddable":true,"href":"https:\/\/www.magicrainbow.cz\/en\/wp-json\/wp\/v2\/comments\/?post=991"}],"version-history":[{"count":9,"href":"https:\/\/www.magicrainbow.cz\/en\/wp-json\/wp\/v2\/pages\/991\/revisions\/"}],"predecessor-version":[{"id":1129,"href":"https:\/\/www.magicrainbow.cz\/en\/wp-json\/wp\/v2\/pages\/991\/revisions\/1129\/"}],"wp:attachment":[{"href":"https:\/\/www.magicrainbow.cz\/en\/wp-json\/wp\/v2\/media\/?parent=991"}],"curies":[{"name":"wp","href":"https:\/\/api.w.org\/{rel}","templated":true}]}}